{"id":762,"date":"2024-04-08T20:06:36","date_gmt":"2024-04-08T12:06:36","guid":{"rendered":"http:\/\/aoltextiles.com\/?post_type=product&#038;p=762"},"modified":"2024-04-08T20:15:50","modified_gmt":"2024-04-08T12:15:50","slug":"panama-weave-pvc-coated-mesh","status":"publish","type":"product","link":"https:\/\/aoltextiles.com\/fr\/product\/panama-weave-pvc-coated-mesh\/","title":{"rendered":"Maille enduite de PVC, tissage Panama"},"content":{"rendered":"<h3>Con\u00e7ue pour \u00eatre r\u00e9sistante, notre maille enduite en PVC 4*4 Panama Weave s'adapte parfaitement aux environnements ext\u00e9rieurs. Son tissage unique offre une durabilit\u00e9 supr\u00eame contre les intemp\u00e9ries, les dommages caus\u00e9s par les UV et la moisissure, ce qui en fait un choix de premier ordre pour les meubles de patio et les solutions de protection solaire.<\/h3>","protected":false},"excerpt":{"rendered":"<h4>Maille enduite de PVC, tissage Panama<\/h4>\n<h4>Robuste et adaptable, id\u00e9al pour l'ext\u00e9rieur.<\/h4>","protected":false},"featured_media":782,"template":"","meta":{"_seopress_robots_primary_cat":"none","_seopress_titles_title":"","_seopress_titles_desc":"","_seopress_robots_index":""},"product_cat":[32],"product_tag":[],"class_list":{"0":"post-762","1":"product","2":"type-product","3":"status-publish","4":"has-post-thumbnail","6":"product_cat-textilene-fabric","8":"first","9":"instock","10":"shipping-taxable","11":"product-type-simple"},"_links":{"self":[{"href":"https:\/\/aoltextiles.com\/fr\/wp-json\/wp\/v2\/product\/762","targetHints":{"allow":["GET"]}}],"collection":[{"href":"https:\/\/aoltextiles.com\/fr\/wp-json\/wp\/v2\/product"}],"about":[{"href":"https:\/\/aoltextiles.com\/fr\/wp-json\/wp\/v2\/types\/product"}],"version-history":[{"count":6,"href":"https:\/\/aoltextiles.com\/fr\/wp-json\/wp\/v2\/product\/762\/revisions"}],"predecessor-version":[{"id":786,"href":"https:\/\/aoltextiles.com\/fr\/wp-json\/wp\/v2\/product\/762\/revisions\/786"}],"wp:featuredmedia":[{"embeddable":true,"href":"https:\/\/aoltextiles.com\/fr\/wp-json\/wp\/v2\/media\/782"}],"wp:attachment":[{"href":"https:\/\/aoltextiles.com\/fr\/wp-json\/wp\/v2\/media?parent=762"}],"wp:term":[{"taxonomy":"product_cat","embeddable":true,"href":"https:\/\/aoltextiles.com\/fr\/wp-json\/wp\/v2\/product_cat?post=762"},{"taxonomy":"product_tag","embeddable":true,"href":"https:\/\/aoltextiles.com\/fr\/wp-json\/wp\/v2\/product_tag?post=762"}],"curies":[{"name":"wp","href":"https:\/\/api.w.org\/{rel}","templated":true}]}}