{"id":787,"date":"2024-04-08T20:18:40","date_gmt":"2024-04-08T12:18:40","guid":{"rendered":"http:\/\/aoltextiles.com\/?post_type=product&#038;p=787"},"modified":"2024-04-08T20:18:40","modified_gmt":"2024-04-08T12:18:40","slug":"textilene-industrial-mesh","status":"publish","type":"product","link":"https:\/\/aoltextiles.com\/fr\/product\/textilene-industrial-mesh\/","title":{"rendered":"Textilene Industrial Mesh"},"content":{"rendered":"<h3>Cette maille industrielle Textilene allie une r\u00e9sistance \u00e0 la traction in\u00e9gal\u00e9e \u00e0 une r\u00e9sistance aux UV et aux produits chimiques, ce qui la rend indispensable pour la s\u00e9curit\u00e9 industrielle, l'agriculture et les applications marines o\u00f9 la fiabilit\u00e9 sous contrainte est cruciale.<\/h3>","protected":false},"excerpt":{"rendered":"<h3>Textilene Industrial Mesh<\/h3>\n<h3>Con\u00e7us pour \u00eatre r\u00e9sistants, ils sont indispensables dans les applications industrielles.<\/h3>","protected":false},"featured_media":772,"template":"","meta":{"_seopress_robots_primary_cat":"","_seopress_titles_title":"","_seopress_titles_desc":"","_seopress_robots_index":""},"product_cat":[32],"product_tag":[],"class_list":{"0":"post-787","1":"product","2":"type-product","3":"status-publish","4":"has-post-thumbnail","6":"product_cat-textilene-fabric","8":"first","9":"instock","10":"shipping-taxable","11":"product-type-simple"},"_links":{"self":[{"href":"https:\/\/aoltextiles.com\/fr\/wp-json\/wp\/v2\/product\/787","targetHints":{"allow":["GET"]}}],"collection":[{"href":"https:\/\/aoltextiles.com\/fr\/wp-json\/wp\/v2\/product"}],"about":[{"href":"https:\/\/aoltextiles.com\/fr\/wp-json\/wp\/v2\/types\/product"}],"version-history":[{"count":2,"href":"https:\/\/aoltextiles.com\/fr\/wp-json\/wp\/v2\/product\/787\/revisions"}],"predecessor-version":[{"id":791,"href":"https:\/\/aoltextiles.com\/fr\/wp-json\/wp\/v2\/product\/787\/revisions\/791"}],"wp:featuredmedia":[{"embeddable":true,"href":"https:\/\/aoltextiles.com\/fr\/wp-json\/wp\/v2\/media\/772"}],"wp:attachment":[{"href":"https:\/\/aoltextiles.com\/fr\/wp-json\/wp\/v2\/media?parent=787"}],"wp:term":[{"taxonomy":"product_cat","embeddable":true,"href":"https:\/\/aoltextiles.com\/fr\/wp-json\/wp\/v2\/product_cat?post=787"},{"taxonomy":"product_tag","embeddable":true,"href":"https:\/\/aoltextiles.com\/fr\/wp-json\/wp\/v2\/product_tag?post=787"}],"curies":[{"name":"wp","href":"https:\/\/api.w.org\/{rel}","templated":true}]}}