{"id":792,"date":"2024-04-08T20:22:38","date_gmt":"2024-04-08T12:22:38","guid":{"rendered":"http:\/\/aoltextiles.com\/?post_type=product&#038;p=792"},"modified":"2024-04-08T20:24:00","modified_gmt":"2024-04-08T12:24:00","slug":"textilene-shade-mesh-fabric","status":"publish","type":"product","link":"https:\/\/aoltextiles.com\/fr\/product\/textilene-shade-mesh-fabric\/","title":{"rendered":"Tissu d'ombrage Textilene"},"content":{"rendered":"<h3>Con\u00e7u pour prot\u00e9ger et rafra\u00eechir, notre tissu Textilene Shade Mesh offre une protection UV sup\u00e9rieure tout en maintenant la circulation de l'air.<\/h3>\n<h3>Il est parfait pour cr\u00e9er des zones sereines et ombrag\u00e9es qui favorisent la vie en plein air sans risque de dommages caus\u00e9s par le soleil.<\/h3>","protected":false},"excerpt":{"rendered":"<h3>Tissu d'ombrage Textilene<\/h3>\n<h3>Protection ultime contre les UV ; am\u00e9liore le confort \u00e0 l'ext\u00e9rieur.<\/h3>","protected":false},"featured_media":795,"template":"","meta":{"_seopress_robots_primary_cat":"none","_seopress_titles_title":"","_seopress_titles_desc":"","_seopress_robots_index":""},"product_cat":[32],"product_tag":[],"class_list":{"0":"post-792","1":"product","2":"type-product","3":"status-publish","4":"has-post-thumbnail","6":"product_cat-textilene-fabric","8":"first","9":"instock","10":"shipping-taxable","11":"product-type-simple"},"_links":{"self":[{"href":"https:\/\/aoltextiles.com\/fr\/wp-json\/wp\/v2\/product\/792","targetHints":{"allow":["GET"]}}],"collection":[{"href":"https:\/\/aoltextiles.com\/fr\/wp-json\/wp\/v2\/product"}],"about":[{"href":"https:\/\/aoltextiles.com\/fr\/wp-json\/wp\/v2\/types\/product"}],"version-history":[{"count":1,"href":"https:\/\/aoltextiles.com\/fr\/wp-json\/wp\/v2\/product\/792\/revisions"}],"predecessor-version":[{"id":799,"href":"https:\/\/aoltextiles.com\/fr\/wp-json\/wp\/v2\/product\/792\/revisions\/799"}],"wp:featuredmedia":[{"embeddable":true,"href":"https:\/\/aoltextiles.com\/fr\/wp-json\/wp\/v2\/media\/795"}],"wp:attachment":[{"href":"https:\/\/aoltextiles.com\/fr\/wp-json\/wp\/v2\/media?parent=792"}],"wp:term":[{"taxonomy":"product_cat","embeddable":true,"href":"https:\/\/aoltextiles.com\/fr\/wp-json\/wp\/v2\/product_cat?post=792"},{"taxonomy":"product_tag","embeddable":true,"href":"https:\/\/aoltextiles.com\/fr\/wp-json\/wp\/v2\/product_tag?post=792"}],"curies":[{"name":"wp","href":"https:\/\/api.w.org\/{rel}","templated":true}]}}