{"id":809,"date":"2024-04-08T22:06:01","date_gmt":"2024-04-08T14:06:01","guid":{"rendered":"http:\/\/aoltextiles.com\/?post_type=product&#038;p=809"},"modified":"2024-04-08T22:06:38","modified_gmt":"2024-04-08T14:06:38","slug":"70-pvc-30-polyester-mesh-fabric","status":"publish","type":"product","link":"https:\/\/aoltextiles.com\/fr\/product\/70-pvc-30-polyester-mesh-fabric\/","title":{"rendered":"70% PVC 30% Tissu de maille polyester"},"content":{"rendered":"<h3>Combinant le PVC 70% et le polyester 30%, ce tissu offre un \u00e9quilibre optimal entre durabilit\u00e9 et flexibilit\u00e9.<\/h3>\n<h3>Sa robustesse en fait un mat\u00e9riau id\u00e9al pour les meubles d'ext\u00e9rieur, les \u00e9crans de jardin et bien plus encore, car il r\u00e9siste aux \u00e9l\u00e9ments.<\/h3>","protected":false},"excerpt":{"rendered":"<h3>70% PVC 30% Tissu de maille polyester<\/h3>\n<h3>Exceptionnellement durable ; allie flexibilit\u00e9 et r\u00e9sistance.<\/h3>","protected":false},"featured_media":812,"template":"","meta":{"_seopress_robots_primary_cat":"none","_seopress_titles_title":"","_seopress_titles_desc":"","_seopress_robots_index":""},"product_cat":[32],"product_tag":[],"class_list":{"0":"post-809","1":"product","2":"type-product","3":"status-publish","4":"has-post-thumbnail","6":"product_cat-textilene-fabric","8":"first","9":"instock","10":"shipping-taxable","11":"product-type-simple"},"_links":{"self":[{"href":"https:\/\/aoltextiles.com\/fr\/wp-json\/wp\/v2\/product\/809","targetHints":{"allow":["GET"]}}],"collection":[{"href":"https:\/\/aoltextiles.com\/fr\/wp-json\/wp\/v2\/product"}],"about":[{"href":"https:\/\/aoltextiles.com\/fr\/wp-json\/wp\/v2\/types\/product"}],"version-history":[{"count":1,"href":"https:\/\/aoltextiles.com\/fr\/wp-json\/wp\/v2\/product\/809\/revisions"}],"predecessor-version":[{"id":816,"href":"https:\/\/aoltextiles.com\/fr\/wp-json\/wp\/v2\/product\/809\/revisions\/816"}],"wp:featuredmedia":[{"embeddable":true,"href":"https:\/\/aoltextiles.com\/fr\/wp-json\/wp\/v2\/media\/812"}],"wp:attachment":[{"href":"https:\/\/aoltextiles.com\/fr\/wp-json\/wp\/v2\/media?parent=809"}],"wp:term":[{"taxonomy":"product_cat","embeddable":true,"href":"https:\/\/aoltextiles.com\/fr\/wp-json\/wp\/v2\/product_cat?post=809"},{"taxonomy":"product_tag","embeddable":true,"href":"https:\/\/aoltextiles.com\/fr\/wp-json\/wp\/v2\/product_tag?post=809"}],"curies":[{"name":"wp","href":"https:\/\/api.w.org\/{rel}","templated":true}]}}