{"id":817,"date":"2024-04-08T22:11:24","date_gmt":"2024-04-08T14:11:24","guid":{"rendered":"http:\/\/aoltextiles.com\/?post_type=product&#038;p=817"},"modified":"2024-04-08T22:11:46","modified_gmt":"2024-04-08T14:11:46","slug":"phifertex-fabric-by-the-yard","status":"publish","type":"product","link":"https:\/\/aoltextiles.com\/fr\/product\/phifertex-fabric-by-the-yard\/","title":{"rendered":"Tissu Phifertex au m\u00e8tre"},"content":{"rendered":"<p>Le tissu Phifertex, avec sa durabilit\u00e9 exceptionnelle et sa r\u00e9sistance aux UV, est le mat\u00e9riau de pr\u00e9dilection pour les environnements ext\u00e9rieurs et marins. Disponible au m\u00e8tre, il permet des solutions personnalis\u00e9es en mati\u00e8re d'ameublement, d'ombrage et d'am\u00e9lioration de l'esth\u00e9tique.<\/p>","protected":false},"excerpt":{"rendered":"<h3>Tissu Phifertex au m\u00e8tre<\/h3>\n<p>Qualit\u00e9 sup\u00e9rieure pour une utilisation en ext\u00e9rieur ; personnalisable au m\u00e8tre.<\/p>","protected":false},"featured_media":820,"template":"","meta":{"_seopress_robots_primary_cat":"none","_seopress_titles_title":"","_seopress_titles_desc":"","_seopress_robots_index":""},"product_cat":[32],"product_tag":[],"class_list":{"0":"post-817","1":"product","2":"type-product","3":"status-publish","4":"has-post-thumbnail","6":"product_cat-textilene-fabric","8":"first","9":"instock","10":"shipping-taxable","11":"product-type-simple"},"_links":{"self":[{"href":"https:\/\/aoltextiles.com\/fr\/wp-json\/wp\/v2\/product\/817","targetHints":{"allow":["GET"]}}],"collection":[{"href":"https:\/\/aoltextiles.com\/fr\/wp-json\/wp\/v2\/product"}],"about":[{"href":"https:\/\/aoltextiles.com\/fr\/wp-json\/wp\/v2\/types\/product"}],"version-history":[{"count":2,"href":"https:\/\/aoltextiles.com\/fr\/wp-json\/wp\/v2\/product\/817\/revisions"}],"predecessor-version":[{"id":825,"href":"https:\/\/aoltextiles.com\/fr\/wp-json\/wp\/v2\/product\/817\/revisions\/825"}],"wp:featuredmedia":[{"embeddable":true,"href":"https:\/\/aoltextiles.com\/fr\/wp-json\/wp\/v2\/media\/820"}],"wp:attachment":[{"href":"https:\/\/aoltextiles.com\/fr\/wp-json\/wp\/v2\/media?parent=817"}],"wp:term":[{"taxonomy":"product_cat","embeddable":true,"href":"https:\/\/aoltextiles.com\/fr\/wp-json\/wp\/v2\/product_cat?post=817"},{"taxonomy":"product_tag","embeddable":true,"href":"https:\/\/aoltextiles.com\/fr\/wp-json\/wp\/v2\/product_tag?post=817"}],"curies":[{"name":"wp","href":"https:\/\/api.w.org\/{rel}","templated":true}]}}