{"id":834,"date":"2024-04-08T22:18:45","date_gmt":"2024-04-08T14:18:45","guid":{"rendered":"http:\/\/aoltextiles.com\/?post_type=product&#038;p=834"},"modified":"2024-04-08T22:18:45","modified_gmt":"2024-04-08T14:18:45","slug":"multi-color-textylene-mesh","status":"publish","type":"product","link":"https:\/\/aoltextiles.com\/fr\/product\/multi-color-textylene-mesh\/","title":{"rendered":"Multi Color Textylene Mesh"},"content":{"rendered":"<h3>Donnez vie \u00e0 vos espaces ext\u00e9rieurs gr\u00e2ce \u00e0 notre maille en textil\u00e8ne multicolore.<\/h3>\n<h3>Ses teintes vibrantes sont r\u00e9sistantes \u00e0 la d\u00e9coloration, ce qui permet \u00e0 vos projets de rester vivants et attrayants, tandis que sa solidit\u00e9 garantit sa long\u00e9vit\u00e9 dans les applications ext\u00e9rieures.<\/h3>","protected":false},"excerpt":{"rendered":"<h3>Multi Color Textylene Mesh<\/h3>\n<h3>Lumineux et audacieux, il donne de l'\u00e9clat \u00e0 tous les projets.<\/h3>","protected":false},"featured_media":837,"template":"","meta":{"_seopress_robots_primary_cat":"","_seopress_titles_title":"","_seopress_titles_desc":"","_seopress_robots_index":""},"product_cat":[32],"product_tag":[],"class_list":{"0":"post-834","1":"product","2":"type-product","3":"status-publish","4":"has-post-thumbnail","6":"product_cat-textilene-fabric","8":"first","9":"instock","10":"shipping-taxable","11":"product-type-simple"},"_links":{"self":[{"href":"https:\/\/aoltextiles.com\/fr\/wp-json\/wp\/v2\/product\/834","targetHints":{"allow":["GET"]}}],"collection":[{"href":"https:\/\/aoltextiles.com\/fr\/wp-json\/wp\/v2\/product"}],"about":[{"href":"https:\/\/aoltextiles.com\/fr\/wp-json\/wp\/v2\/types\/product"}],"version-history":[{"count":1,"href":"https:\/\/aoltextiles.com\/fr\/wp-json\/wp\/v2\/product\/834\/revisions"}],"predecessor-version":[{"id":841,"href":"https:\/\/aoltextiles.com\/fr\/wp-json\/wp\/v2\/product\/834\/revisions\/841"}],"wp:featuredmedia":[{"embeddable":true,"href":"https:\/\/aoltextiles.com\/fr\/wp-json\/wp\/v2\/media\/837"}],"wp:attachment":[{"href":"https:\/\/aoltextiles.com\/fr\/wp-json\/wp\/v2\/media?parent=834"}],"wp:term":[{"taxonomy":"product_cat","embeddable":true,"href":"https:\/\/aoltextiles.com\/fr\/wp-json\/wp\/v2\/product_cat?post=834"},{"taxonomy":"product_tag","embeddable":true,"href":"https:\/\/aoltextiles.com\/fr\/wp-json\/wp\/v2\/product_tag?post=834"}],"curies":[{"name":"wp","href":"https:\/\/api.w.org\/{rel}","templated":true}]}}