{"id":850,"date":"2024-04-08T22:27:57","date_gmt":"2024-04-08T14:27:57","guid":{"rendered":"http:\/\/aoltextiles.com\/?post_type=product&#038;p=850"},"modified":"2024-04-08T22:27:57","modified_gmt":"2024-04-08T14:27:57","slug":"black-mesh-tarp-roll-fabric","status":"publish","type":"product","link":"https:\/\/aoltextiles.com\/fr\/product\/black-mesh-tarp-roll-fabric\/","title":{"rendered":"Rouleau de toile noire en maille"},"content":{"rendered":"<h3>Notre toile noire est une solution multifonctionnelle qui offre \u00e0 la fois intimit\u00e9 et protection contre le soleil.<\/h3>\n<h3>Sa polyvalence permet de l'utiliser pour les jardins, les terrasses, les cl\u00f4tures et m\u00eame les b\u00e2ches de camion, alliant ainsi fonctionnalit\u00e9 et esth\u00e9tique.<\/h3>","protected":false},"excerpt":{"rendered":"<h3>Rouleau de toile noire en maille<\/h3>\n<h3>Fournit de l'ombre et de l'intimit\u00e9 ; polyvalent pour de multiples utilisations.<\/h3>","protected":false},"featured_media":854,"template":"","meta":{"_seopress_robots_primary_cat":"","_seopress_titles_title":"","_seopress_titles_desc":"","_seopress_robots_index":""},"product_cat":[32],"product_tag":[],"class_list":{"0":"post-850","1":"product","2":"type-product","3":"status-publish","4":"has-post-thumbnail","6":"product_cat-textilene-fabric","8":"first","9":"instock","10":"shipping-taxable","11":"product-type-simple"},"_links":{"self":[{"href":"https:\/\/aoltextiles.com\/fr\/wp-json\/wp\/v2\/product\/850","targetHints":{"allow":["GET"]}}],"collection":[{"href":"https:\/\/aoltextiles.com\/fr\/wp-json\/wp\/v2\/product"}],"about":[{"href":"https:\/\/aoltextiles.com\/fr\/wp-json\/wp\/v2\/types\/product"}],"version-history":[{"count":1,"href":"https:\/\/aoltextiles.com\/fr\/wp-json\/wp\/v2\/product\/850\/revisions"}],"predecessor-version":[{"id":858,"href":"https:\/\/aoltextiles.com\/fr\/wp-json\/wp\/v2\/product\/850\/revisions\/858"}],"wp:featuredmedia":[{"embeddable":true,"href":"https:\/\/aoltextiles.com\/fr\/wp-json\/wp\/v2\/media\/854"}],"wp:attachment":[{"href":"https:\/\/aoltextiles.com\/fr\/wp-json\/wp\/v2\/media?parent=850"}],"wp:term":[{"taxonomy":"product_cat","embeddable":true,"href":"https:\/\/aoltextiles.com\/fr\/wp-json\/wp\/v2\/product_cat?post=850"},{"taxonomy":"product_tag","embeddable":true,"href":"https:\/\/aoltextiles.com\/fr\/wp-json\/wp\/v2\/product_tag?post=850"}],"curies":[{"name":"wp","href":"https:\/\/api.w.org\/{rel}","templated":true}]}}