{"id":859,"date":"2024-04-08T22:32:42","date_gmt":"2024-04-08T14:32:42","guid":{"rendered":"http:\/\/aoltextiles.com\/?post_type=product&#038;p=859"},"modified":"2024-04-08T22:32:42","modified_gmt":"2024-04-08T14:32:42","slug":"polyester-utility-mesh-fabric","status":"publish","type":"product","link":"https:\/\/aoltextiles.com\/fr\/product\/polyester-utility-mesh-fabric\/","title":{"rendered":"Tissu en maille utilitaire polyester"},"content":{"rendered":"<h3>Ce tissu maille utilitaire en polyester t\u00e9moigne de sa polyvalence et de sa durabilit\u00e9, offrant une solution l\u00e9g\u00e8re pour les besoins de ventilation, les applications de barri\u00e8re ou m\u00eame les sacs fourre-tout. Sa r\u00e9sistance et sa durabilit\u00e9 permettent des utilisations cr\u00e9atives et pratiques.<\/h3>","protected":false},"excerpt":{"rendered":"<h3>Tissu en maille utilitaire polyester<\/h3>\n<h3>L\u00e9ger mais robuste ; pour une myriade d'applications.<\/h3>","protected":false},"featured_media":862,"template":"","meta":{"_seopress_robots_primary_cat":"","_seopress_titles_title":"","_seopress_titles_desc":"","_seopress_robots_index":""},"product_cat":[32],"product_tag":[],"class_list":{"0":"post-859","1":"product","2":"type-product","3":"status-publish","4":"has-post-thumbnail","6":"product_cat-textilene-fabric","8":"first","9":"instock","10":"shipping-taxable","11":"product-type-simple"},"_links":{"self":[{"href":"https:\/\/aoltextiles.com\/fr\/wp-json\/wp\/v2\/product\/859","targetHints":{"allow":["GET"]}}],"collection":[{"href":"https:\/\/aoltextiles.com\/fr\/wp-json\/wp\/v2\/product"}],"about":[{"href":"https:\/\/aoltextiles.com\/fr\/wp-json\/wp\/v2\/types\/product"}],"version-history":[{"count":1,"href":"https:\/\/aoltextiles.com\/fr\/wp-json\/wp\/v2\/product\/859\/revisions"}],"predecessor-version":[{"id":866,"href":"https:\/\/aoltextiles.com\/fr\/wp-json\/wp\/v2\/product\/859\/revisions\/866"}],"wp:featuredmedia":[{"embeddable":true,"href":"https:\/\/aoltextiles.com\/fr\/wp-json\/wp\/v2\/media\/862"}],"wp:attachment":[{"href":"https:\/\/aoltextiles.com\/fr\/wp-json\/wp\/v2\/media?parent=859"}],"wp:term":[{"taxonomy":"product_cat","embeddable":true,"href":"https:\/\/aoltextiles.com\/fr\/wp-json\/wp\/v2\/product_cat?post=859"},{"taxonomy":"product_tag","embeddable":true,"href":"https:\/\/aoltextiles.com\/fr\/wp-json\/wp\/v2\/product_tag?post=859"}],"curies":[{"name":"wp","href":"https:\/\/api.w.org\/{rel}","templated":true}]}}