{"id":941,"date":"2024-04-09T20:27:39","date_gmt":"2024-04-09T12:27:39","guid":{"rendered":"http:\/\/aoltextiles.com\/?post_type=product&#038;p=941"},"modified":"2024-04-09T20:27:39","modified_gmt":"2024-04-09T12:27:39","slug":"outdoor-chair-fabric","status":"publish","type":"product","link":"https:\/\/aoltextiles.com\/fr\/product\/outdoor-chair-fabric\/","title":{"rendered":"Tissu pour chaise d'ext\u00e9rieur"},"content":{"rendered":"<p>Am\u00e9liorez votre oasis ext\u00e9rieure avec notre tissu pour chaises d'ext\u00e9rieur.<\/p>\n<p>Con\u00e7u pour r\u00e9sister \u00e0 la d\u00e9coloration, \u00e0 la moisissure et \u00e0 l'eau, ce tissu prolonge la dur\u00e9e de vie et la beaut\u00e9 des meubles de terrasse, combinant une durabilit\u00e9 durable avec des designs contemporains pour s'adapter \u00e0 toutes les esth\u00e9tiques.<\/p>","protected":false},"excerpt":{"rendered":"<p>Revitalisez vos si\u00e8ges d'ext\u00e9rieur ; durabilit\u00e9 et style de premi\u00e8re qualit\u00e9.<\/p>","protected":false},"featured_media":944,"template":"","meta":{"_seopress_robots_primary_cat":"","_seopress_titles_title":"","_seopress_titles_desc":"","_seopress_robots_index":""},"product_cat":[33],"product_tag":[],"class_list":{"0":"post-941","1":"product","2":"type-product","3":"status-publish","4":"has-post-thumbnail","6":"product_cat-outdoor-furniture-fabric","8":"first","9":"instock","10":"shipping-taxable","11":"product-type-simple"},"_links":{"self":[{"href":"https:\/\/aoltextiles.com\/fr\/wp-json\/wp\/v2\/product\/941","targetHints":{"allow":["GET"]}}],"collection":[{"href":"https:\/\/aoltextiles.com\/fr\/wp-json\/wp\/v2\/product"}],"about":[{"href":"https:\/\/aoltextiles.com\/fr\/wp-json\/wp\/v2\/types\/product"}],"version-history":[{"count":1,"href":"https:\/\/aoltextiles.com\/fr\/wp-json\/wp\/v2\/product\/941\/revisions"}],"predecessor-version":[{"id":948,"href":"https:\/\/aoltextiles.com\/fr\/wp-json\/wp\/v2\/product\/941\/revisions\/948"}],"wp:featuredmedia":[{"embeddable":true,"href":"https:\/\/aoltextiles.com\/fr\/wp-json\/wp\/v2\/media\/944"}],"wp:attachment":[{"href":"https:\/\/aoltextiles.com\/fr\/wp-json\/wp\/v2\/media?parent=941"}],"wp:term":[{"taxonomy":"product_cat","embeddable":true,"href":"https:\/\/aoltextiles.com\/fr\/wp-json\/wp\/v2\/product_cat?post=941"},{"taxonomy":"product_tag","embeddable":true,"href":"https:\/\/aoltextiles.com\/fr\/wp-json\/wp\/v2\/product_tag?post=941"}],"curies":[{"name":"wp","href":"https:\/\/api.w.org\/{rel}","templated":true}]}}