{"id":965,"date":"2024-04-09T20:37:59","date_gmt":"2024-04-09T12:37:59","guid":{"rendered":"http:\/\/aoltextiles.com\/?post_type=product&#038;p=965"},"modified":"2024-04-09T20:37:59","modified_gmt":"2024-04-09T12:37:59","slug":"waterproof-upholstery-fabric","status":"publish","type":"product","link":"https:\/\/aoltextiles.com\/fr\/product\/waterproof-upholstery-fabric\/","title":{"rendered":"Tissu d'ameublement imperm\u00e9able"},"content":{"rendered":"<p>Gardez vos espaces ext\u00e9rieurs \u00e9l\u00e9gants et secs gr\u00e2ce \u00e0 notre tissu d'ameublement imperm\u00e9able.<\/p>\n<p>Ce tissu ne se contente pas de repousser efficacement l'eau, il r\u00e9siste \u00e9galement aux taches et aux dommages caus\u00e9s par les UV, ce qui en fait un choix id\u00e9al pour les coussins et les tissus d'ameublement d'ext\u00e9rieur qui restent frais et \u00e9clatants.<\/p>","protected":false},"excerpt":{"rendered":"<p>Protection ultime contre les \u00e9l\u00e9ments, \u00e9l\u00e9gante et fonctionnelle.<\/p>","protected":false},"featured_media":968,"template":"","meta":{"_seopress_robots_primary_cat":"","_seopress_titles_title":"","_seopress_titles_desc":"","_seopress_robots_index":""},"product_cat":[33],"product_tag":[],"class_list":{"0":"post-965","1":"product","2":"type-product","3":"status-publish","4":"has-post-thumbnail","6":"product_cat-outdoor-furniture-fabric","8":"first","9":"instock","10":"shipping-taxable","11":"product-type-simple"},"_links":{"self":[{"href":"https:\/\/aoltextiles.com\/fr\/wp-json\/wp\/v2\/product\/965","targetHints":{"allow":["GET"]}}],"collection":[{"href":"https:\/\/aoltextiles.com\/fr\/wp-json\/wp\/v2\/product"}],"about":[{"href":"https:\/\/aoltextiles.com\/fr\/wp-json\/wp\/v2\/types\/product"}],"version-history":[{"count":1,"href":"https:\/\/aoltextiles.com\/fr\/wp-json\/wp\/v2\/product\/965\/revisions"}],"predecessor-version":[{"id":972,"href":"https:\/\/aoltextiles.com\/fr\/wp-json\/wp\/v2\/product\/965\/revisions\/972"}],"wp:featuredmedia":[{"embeddable":true,"href":"https:\/\/aoltextiles.com\/fr\/wp-json\/wp\/v2\/media\/968"}],"wp:attachment":[{"href":"https:\/\/aoltextiles.com\/fr\/wp-json\/wp\/v2\/media?parent=965"}],"wp:term":[{"taxonomy":"product_cat","embeddable":true,"href":"https:\/\/aoltextiles.com\/fr\/wp-json\/wp\/v2\/product_cat?post=965"},{"taxonomy":"product_tag","embeddable":true,"href":"https:\/\/aoltextiles.com\/fr\/wp-json\/wp\/v2\/product_tag?post=965"}],"curies":[{"name":"wp","href":"https:\/\/api.w.org\/{rel}","templated":true}]}}