{"id":973,"date":"2024-04-09T20:40:22","date_gmt":"2024-04-09T12:40:22","guid":{"rendered":"http:\/\/aoltextiles.com\/?post_type=product&#038;p=973"},"modified":"2024-04-09T20:40:22","modified_gmt":"2024-04-09T12:40:22","slug":"uv-sunshade-fabric","status":"publish","type":"product","link":"https:\/\/aoltextiles.com\/fr\/product\/uv-sunshade-fabric\/","title":{"rendered":"Tissu pare-soleil UV"},"content":{"rendered":"<p>Notre tissu pare-soleil UV offre une protection in\u00e9gal\u00e9e contre les rayons nocifs du soleil tout en am\u00e9liorant l'esth\u00e9tique ext\u00e9rieure.<\/p>\n<p>Il est parfait pour les auvents, les marquises et les parapluies, offrant une zone fra\u00eeche et ombrag\u00e9e sans sacrifier la lumi\u00e8re naturelle ou la vivacit\u00e9 des couleurs.<\/p>","protected":false},"excerpt":{"rendered":"<p>Prot\u00e9gez-vous avec style ; protection UV sup\u00e9rieure.<\/p>","protected":false},"featured_media":976,"template":"","meta":{"_seopress_robots_primary_cat":"","_seopress_titles_title":"","_seopress_titles_desc":"","_seopress_robots_index":""},"product_cat":[33],"product_tag":[],"class_list":{"0":"post-973","1":"product","2":"type-product","3":"status-publish","4":"has-post-thumbnail","6":"product_cat-outdoor-furniture-fabric","8":"first","9":"instock","10":"shipping-taxable","11":"product-type-simple"},"_links":{"self":[{"href":"https:\/\/aoltextiles.com\/fr\/wp-json\/wp\/v2\/product\/973","targetHints":{"allow":["GET"]}}],"collection":[{"href":"https:\/\/aoltextiles.com\/fr\/wp-json\/wp\/v2\/product"}],"about":[{"href":"https:\/\/aoltextiles.com\/fr\/wp-json\/wp\/v2\/types\/product"}],"version-history":[{"count":1,"href":"https:\/\/aoltextiles.com\/fr\/wp-json\/wp\/v2\/product\/973\/revisions"}],"predecessor-version":[{"id":980,"href":"https:\/\/aoltextiles.com\/fr\/wp-json\/wp\/v2\/product\/973\/revisions\/980"}],"wp:featuredmedia":[{"embeddable":true,"href":"https:\/\/aoltextiles.com\/fr\/wp-json\/wp\/v2\/media\/976"}],"wp:attachment":[{"href":"https:\/\/aoltextiles.com\/fr\/wp-json\/wp\/v2\/media?parent=973"}],"wp:term":[{"taxonomy":"product_cat","embeddable":true,"href":"https:\/\/aoltextiles.com\/fr\/wp-json\/wp\/v2\/product_cat?post=973"},{"taxonomy":"product_tag","embeddable":true,"href":"https:\/\/aoltextiles.com\/fr\/wp-json\/wp\/v2\/product_tag?post=973"}],"curies":[{"name":"wp","href":"https:\/\/api.w.org\/{rel}","templated":true}]}}