{"id":981,"date":"2024-04-09T20:43:24","date_gmt":"2024-04-09T12:43:24","guid":{"rendered":"http:\/\/aoltextiles.com\/?post_type=product&#038;p=981"},"modified":"2024-04-09T20:43:24","modified_gmt":"2024-04-09T12:43:24","slug":"sunbed-fabric-pvc-coated","status":"publish","type":"product","link":"https:\/\/aoltextiles.com\/fr\/product\/sunbed-fabric-pvc-coated\/","title":{"rendered":"Tissu pour banc solaire enduit de PVC"},"content":{"rendered":"<p>Le tissu Sunbed enduit de PVC est con\u00e7u pour r\u00e9sister au soleil, au chlore et \u00e0 l'eau sal\u00e9e, ce qui en fait le meilleur choix pour les chaises longues de piscine et les chaises de plage.<\/p>\n<p>Son toucher luxueux associ\u00e9 \u00e0 une grande durabilit\u00e9 offre un m\u00e9lange parfait de confort et de long\u00e9vit\u00e9.<\/p>","protected":false},"excerpt":{"rendered":"<p>Luxueux, durable et pr\u00eat pour le soleil.<\/p>","protected":false},"featured_media":984,"template":"","meta":{"_seopress_robots_primary_cat":"","_seopress_titles_title":"","_seopress_titles_desc":"","_seopress_robots_index":""},"product_cat":[33],"product_tag":[],"class_list":{"0":"post-981","1":"product","2":"type-product","3":"status-publish","4":"has-post-thumbnail","6":"product_cat-outdoor-furniture-fabric","8":"first","9":"instock","10":"shipping-taxable","11":"product-type-simple"},"_links":{"self":[{"href":"https:\/\/aoltextiles.com\/fr\/wp-json\/wp\/v2\/product\/981","targetHints":{"allow":["GET"]}}],"collection":[{"href":"https:\/\/aoltextiles.com\/fr\/wp-json\/wp\/v2\/product"}],"about":[{"href":"https:\/\/aoltextiles.com\/fr\/wp-json\/wp\/v2\/types\/product"}],"version-history":[{"count":1,"href":"https:\/\/aoltextiles.com\/fr\/wp-json\/wp\/v2\/product\/981\/revisions"}],"predecessor-version":[{"id":988,"href":"https:\/\/aoltextiles.com\/fr\/wp-json\/wp\/v2\/product\/981\/revisions\/988"}],"wp:featuredmedia":[{"embeddable":true,"href":"https:\/\/aoltextiles.com\/fr\/wp-json\/wp\/v2\/media\/984"}],"wp:attachment":[{"href":"https:\/\/aoltextiles.com\/fr\/wp-json\/wp\/v2\/media?parent=981"}],"wp:term":[{"taxonomy":"product_cat","embeddable":true,"href":"https:\/\/aoltextiles.com\/fr\/wp-json\/wp\/v2\/product_cat?post=981"},{"taxonomy":"product_tag","embeddable":true,"href":"https:\/\/aoltextiles.com\/fr\/wp-json\/wp\/v2\/product_tag?post=981"}],"curies":[{"name":"wp","href":"https:\/\/api.w.org\/{rel}","templated":true}]}}