{"id":867,"date":"2024-04-08T22:36:01","date_gmt":"2024-04-08T14:36:01","guid":{"rendered":"http:\/\/aoltextiles.com\/?post_type=product&#038;p=867"},"modified":"2024-04-08T22:36:01","modified_gmt":"2024-04-08T14:36:01","slug":"textilene-mesh-fabric","status":"publish","type":"product","link":"https:\/\/aoltextiles.com\/it\/product\/textilene-mesh-fabric\/","title":{"rendered":"Tessuto a rete in textilene"},"content":{"rendered":"<h3>Il nostro tessuto a rete Textilene \u00e8 una testimonianza di qualit\u00e0 e versatilit\u00e0 collaudate nel tempo.<\/h3>\n<h3>Adatto a una serie di applicazioni per esterni, dai mobili ai paraventi, garantisce durata, resistenza agli agenti atmosferici e facilit\u00e0 di manutenzione, valorizzando qualsiasi area esterna.<\/h3>","protected":false},"excerpt":{"rendered":"<h3>Tessuto a rete in textilene<\/h3>\n<h3>Il tessuto per esterni per eccellenza, resistente e versatile.<\/h3>","protected":false},"featured_media":870,"template":"","meta":{"_seopress_robots_primary_cat":"","_seopress_titles_title":"","_seopress_titles_desc":"","_seopress_robots_index":""},"product_cat":[32],"product_tag":[],"class_list":{"0":"post-867","1":"product","2":"type-product","3":"status-publish","4":"has-post-thumbnail","6":"product_cat-textilene-fabric","8":"first","9":"instock","10":"shipping-taxable","11":"product-type-simple"},"_links":{"self":[{"href":"https:\/\/aoltextiles.com\/it\/wp-json\/wp\/v2\/product\/867","targetHints":{"allow":["GET"]}}],"collection":[{"href":"https:\/\/aoltextiles.com\/it\/wp-json\/wp\/v2\/product"}],"about":[{"href":"https:\/\/aoltextiles.com\/it\/wp-json\/wp\/v2\/types\/product"}],"version-history":[{"count":1,"href":"https:\/\/aoltextiles.com\/it\/wp-json\/wp\/v2\/product\/867\/revisions"}],"predecessor-version":[{"id":874,"href":"https:\/\/aoltextiles.com\/it\/wp-json\/wp\/v2\/product\/867\/revisions\/874"}],"wp:featuredmedia":[{"embeddable":true,"href":"https:\/\/aoltextiles.com\/it\/wp-json\/wp\/v2\/media\/870"}],"wp:attachment":[{"href":"https:\/\/aoltextiles.com\/it\/wp-json\/wp\/v2\/media?parent=867"}],"wp:term":[{"taxonomy":"product_cat","embeddable":true,"href":"https:\/\/aoltextiles.com\/it\/wp-json\/wp\/v2\/product_cat?post=867"},{"taxonomy":"product_tag","embeddable":true,"href":"https:\/\/aoltextiles.com\/it\/wp-json\/wp\/v2\/product_tag?post=867"}],"curies":[{"name":"wp","href":"https:\/\/api.w.org\/{rel}","templated":true}]}}