{"id":1005,"date":"2024-04-09T21:27:38","date_gmt":"2024-04-09T13:27:38","guid":{"rendered":"http:\/\/aoltextiles.com\/?post_type=product&#038;p=1005"},"modified":"2024-04-09T21:27:38","modified_gmt":"2024-04-09T13:27:38","slug":"batyline-mesh-fabric","status":"publish","type":"product","link":"https:\/\/aoltextiles.com\/pt\/product\/batyline-mesh-fabric\/","title":{"rendered":"Tecido de malha Batyline"},"content":{"rendered":"<p>O tecido de malha Batyline \u00e9 conhecido pela sua excecional resist\u00eancia ao rasgo e aos raios UV, o que o torna uma escolha ideal para mobili\u00e1rio de exterior de alta qualidade.<\/p>\n<p>O seu acabamento elegante e a vasta gama de cores oferecem um toque de estilo a qualquer espa\u00e7o exterior, prometendo longevidade e facilidade de manuten\u00e7\u00e3o.<\/p>","protected":false},"excerpt":{"rendered":"<p>Elegante, robusto e com estilo; o ep\u00edtome da eleg\u00e2ncia ao ar livre.<\/p>","protected":false},"featured_media":1008,"template":"","meta":{"_seopress_robots_primary_cat":"","_seopress_titles_title":"","_seopress_titles_desc":"","_seopress_robots_index":""},"product_cat":[33],"product_tag":[],"class_list":{"0":"post-1005","1":"product","2":"type-product","3":"status-publish","4":"has-post-thumbnail","6":"product_cat-outdoor-furniture-fabric","8":"first","9":"instock","10":"shipping-taxable","11":"product-type-simple"},"_links":{"self":[{"href":"https:\/\/aoltextiles.com\/pt\/wp-json\/wp\/v2\/product\/1005","targetHints":{"allow":["GET"]}}],"collection":[{"href":"https:\/\/aoltextiles.com\/pt\/wp-json\/wp\/v2\/product"}],"about":[{"href":"https:\/\/aoltextiles.com\/pt\/wp-json\/wp\/v2\/types\/product"}],"version-history":[{"count":1,"href":"https:\/\/aoltextiles.com\/pt\/wp-json\/wp\/v2\/product\/1005\/revisions"}],"predecessor-version":[{"id":1012,"href":"https:\/\/aoltextiles.com\/pt\/wp-json\/wp\/v2\/product\/1005\/revisions\/1012"}],"wp:featuredmedia":[{"embeddable":true,"href":"https:\/\/aoltextiles.com\/pt\/wp-json\/wp\/v2\/media\/1008"}],"wp:attachment":[{"href":"https:\/\/aoltextiles.com\/pt\/wp-json\/wp\/v2\/media?parent=1005"}],"wp:term":[{"taxonomy":"product_cat","embeddable":true,"href":"https:\/\/aoltextiles.com\/pt\/wp-json\/wp\/v2\/product_cat?post=1005"},{"taxonomy":"product_tag","embeddable":true,"href":"https:\/\/aoltextiles.com\/pt\/wp-json\/wp\/v2\/product_tag?post=1005"}],"curies":[{"name":"wp","href":"https:\/\/api.w.org\/{rel}","templated":true}]}}