{"id":1021,"date":"2024-04-09T21:34:32","date_gmt":"2024-04-09T13:34:32","guid":{"rendered":"http:\/\/aoltextiles.com\/?post_type=product&#038;p=1021"},"modified":"2024-04-09T21:34:33","modified_gmt":"2024-04-09T13:34:33","slug":"durable-outdoor-fabric","status":"publish","type":"product","link":"https:\/\/aoltextiles.com\/pt\/product\/durable-outdoor-fabric\/","title":{"rendered":"Tecido dur\u00e1vel para exterior"},"content":{"rendered":"<p>O tecido dur\u00e1vel para exterior foi concebido para as exig\u00eancias da vida ao ar livre.<\/p>\n<p>Com a sua constru\u00e7\u00e3o robusta, resiste \u00e0s intemp\u00e9ries, aos raios UV e \u00e0 utiliza\u00e7\u00e3o frequente, tornando-o ideal para mobili\u00e1rio de p\u00e1tio, almofadas de exterior e muito mais, sem sacrificar o estilo ou o conforto.<\/p>","protected":false},"excerpt":{"rendered":"<p>Para um espa\u00e7o de vida que perdura; resistente mas com bom gosto.<\/p>","protected":false},"featured_media":1024,"template":"","meta":{"_seopress_robots_primary_cat":"","_seopress_titles_title":"","_seopress_titles_desc":"","_seopress_robots_index":""},"product_cat":[33],"product_tag":[],"class_list":{"0":"post-1021","1":"product","2":"type-product","3":"status-publish","4":"has-post-thumbnail","6":"product_cat-outdoor-furniture-fabric","8":"first","9":"instock","10":"shipping-taxable","11":"product-type-simple"},"_links":{"self":[{"href":"https:\/\/aoltextiles.com\/pt\/wp-json\/wp\/v2\/product\/1021","targetHints":{"allow":["GET"]}}],"collection":[{"href":"https:\/\/aoltextiles.com\/pt\/wp-json\/wp\/v2\/product"}],"about":[{"href":"https:\/\/aoltextiles.com\/pt\/wp-json\/wp\/v2\/types\/product"}],"version-history":[{"count":1,"href":"https:\/\/aoltextiles.com\/pt\/wp-json\/wp\/v2\/product\/1021\/revisions"}],"predecessor-version":[{"id":1028,"href":"https:\/\/aoltextiles.com\/pt\/wp-json\/wp\/v2\/product\/1021\/revisions\/1028"}],"wp:featuredmedia":[{"embeddable":true,"href":"https:\/\/aoltextiles.com\/pt\/wp-json\/wp\/v2\/media\/1024"}],"wp:attachment":[{"href":"https:\/\/aoltextiles.com\/pt\/wp-json\/wp\/v2\/media?parent=1021"}],"wp:term":[{"taxonomy":"product_cat","embeddable":true,"href":"https:\/\/aoltextiles.com\/pt\/wp-json\/wp\/v2\/product_cat?post=1021"},{"taxonomy":"product_tag","embeddable":true,"href":"https:\/\/aoltextiles.com\/pt\/wp-json\/wp\/v2\/product_tag?post=1021"}],"curies":[{"name":"wp","href":"https:\/\/api.w.org\/{rel}","templated":true}]}}