{"id":1029,"date":"2024-04-09T21:37:27","date_gmt":"2024-04-09T13:37:27","guid":{"rendered":"http:\/\/aoltextiles.com\/?post_type=product&#038;p=1029"},"modified":"2024-04-09T21:37:27","modified_gmt":"2024-04-09T13:37:27","slug":"pvc-mesh-fabric-for-outdoor-furniture","status":"publish","type":"product","link":"https:\/\/aoltextiles.com\/pt\/product\/pvc-mesh-fabric-for-outdoor-furniture\/","title":{"rendered":"Tecido de malha de PVC para mobili\u00e1rio de exterior"},"content":{"rendered":"<p>O tecido de malha de PVC para mobili\u00e1rio de exterior \u00e9 o seu aliado contra as intemp\u00e9ries.<\/p>\n<p>Oferecendo uma resist\u00eancia e ventila\u00e7\u00e3o sem paralelo, este tecido garante que o seu mobili\u00e1rio de exterior se mant\u00e9m fresco e convidativo, combatendo o bolor, o mofo e os danos causados pelo sol com facilidade e eleg\u00e2ncia.<\/p>","protected":false},"excerpt":{"rendered":"<p>Malha com uma miss\u00e3o; para m\u00f3veis que enfrentam o exterior de frente.<\/p>","protected":false},"featured_media":1032,"template":"","meta":{"_seopress_robots_primary_cat":"","_seopress_titles_title":"","_seopress_titles_desc":"","_seopress_robots_index":""},"product_cat":[33],"product_tag":[],"class_list":{"0":"post-1029","1":"product","2":"type-product","3":"status-publish","4":"has-post-thumbnail","6":"product_cat-outdoor-furniture-fabric","8":"first","9":"instock","10":"shipping-taxable","11":"product-type-simple"},"_links":{"self":[{"href":"https:\/\/aoltextiles.com\/pt\/wp-json\/wp\/v2\/product\/1029","targetHints":{"allow":["GET"]}}],"collection":[{"href":"https:\/\/aoltextiles.com\/pt\/wp-json\/wp\/v2\/product"}],"about":[{"href":"https:\/\/aoltextiles.com\/pt\/wp-json\/wp\/v2\/types\/product"}],"version-history":[{"count":1,"href":"https:\/\/aoltextiles.com\/pt\/wp-json\/wp\/v2\/product\/1029\/revisions"}],"predecessor-version":[{"id":1036,"href":"https:\/\/aoltextiles.com\/pt\/wp-json\/wp\/v2\/product\/1029\/revisions\/1036"}],"wp:featuredmedia":[{"embeddable":true,"href":"https:\/\/aoltextiles.com\/pt\/wp-json\/wp\/v2\/media\/1032"}],"wp:attachment":[{"href":"https:\/\/aoltextiles.com\/pt\/wp-json\/wp\/v2\/media?parent=1029"}],"wp:term":[{"taxonomy":"product_cat","embeddable":true,"href":"https:\/\/aoltextiles.com\/pt\/wp-json\/wp\/v2\/product_cat?post=1029"},{"taxonomy":"product_tag","embeddable":true,"href":"https:\/\/aoltextiles.com\/pt\/wp-json\/wp\/v2\/product_tag?post=1029"}],"curies":[{"name":"wp","href":"https:\/\/api.w.org\/{rel}","templated":true}]}}