{"id":1045,"date":"2024-04-09T21:44:44","date_gmt":"2024-04-09T13:44:44","guid":{"rendered":"http:\/\/aoltextiles.com\/?post_type=product&#038;p=1045"},"modified":"2024-04-09T21:44:44","modified_gmt":"2024-04-09T13:44:44","slug":"shade-fabric-uv-protection","status":"publish","type":"product","link":"https:\/\/aoltextiles.com\/pt\/product\/shade-fabric-uv-protection\/","title":{"rendered":"Tecido de sombra Prote\u00e7\u00e3o UV"},"content":{"rendered":"<p>Este tecido para sombreamento oferece uma prote\u00e7\u00e3o UV de alto n\u00edvel, criando uma \u00e1rea exterior fresca e confort\u00e1vel.<\/p>\n<p>O seu design respir\u00e1vel permite a circula\u00e7\u00e3o do ar ao mesmo tempo que bloqueia os raios nocivos, tornando-o perfeito para p\u00e1tios, \u00e1reas de lazer e jardins onde a prote\u00e7\u00e3o solar \u00e9 fundamental.<\/p>","protected":false},"excerpt":{"rendered":"<p>Proteger e refrescar com um bloqueio superior dos raios UV.<\/p>","protected":false},"featured_media":1048,"template":"","meta":{"_seopress_robots_primary_cat":"","_seopress_titles_title":"","_seopress_titles_desc":"","_seopress_robots_index":""},"product_cat":[34],"product_tag":[],"class_list":{"0":"post-1045","1":"product","2":"type-product","3":"status-publish","4":"has-post-thumbnail","6":"product_cat-shade-screen","8":"first","9":"instock","10":"shipping-taxable","11":"product-type-simple"},"_links":{"self":[{"href":"https:\/\/aoltextiles.com\/pt\/wp-json\/wp\/v2\/product\/1045","targetHints":{"allow":["GET"]}}],"collection":[{"href":"https:\/\/aoltextiles.com\/pt\/wp-json\/wp\/v2\/product"}],"about":[{"href":"https:\/\/aoltextiles.com\/pt\/wp-json\/wp\/v2\/types\/product"}],"version-history":[{"count":1,"href":"https:\/\/aoltextiles.com\/pt\/wp-json\/wp\/v2\/product\/1045\/revisions"}],"predecessor-version":[{"id":1052,"href":"https:\/\/aoltextiles.com\/pt\/wp-json\/wp\/v2\/product\/1045\/revisions\/1052"}],"wp:featuredmedia":[{"embeddable":true,"href":"https:\/\/aoltextiles.com\/pt\/wp-json\/wp\/v2\/media\/1048"}],"wp:attachment":[{"href":"https:\/\/aoltextiles.com\/pt\/wp-json\/wp\/v2\/media?parent=1045"}],"wp:term":[{"taxonomy":"product_cat","embeddable":true,"href":"https:\/\/aoltextiles.com\/pt\/wp-json\/wp\/v2\/product_cat?post=1045"},{"taxonomy":"product_tag","embeddable":true,"href":"https:\/\/aoltextiles.com\/pt\/wp-json\/wp\/v2\/product_tag?post=1045"}],"curies":[{"name":"wp","href":"https:\/\/api.w.org\/{rel}","templated":true}]}}