{"id":1085,"date":"2024-04-09T21:58:54","date_gmt":"2024-04-09T13:58:54","guid":{"rendered":"http:\/\/aoltextiles.com\/?post_type=product&#038;p=1085"},"modified":"2024-04-09T21:58:54","modified_gmt":"2024-04-09T13:58:54","slug":"solar-screen-material-rolls","status":"publish","type":"product","link":"https:\/\/aoltextiles.com\/pt\/product\/solar-screen-material-rolls\/","title":{"rendered":"Rolos de material para ecr\u00e3s solares"},"content":{"rendered":"<p>Com os nossos rolos de material para ecr\u00e3s solares, nunca foi t\u00e3o f\u00e1cil personalizar a sua prote\u00e7\u00e3o solar.<\/p>\n<p>Ideal para janelas, alpendres e recintos, este material reduz o calor e o encandeamento, mantendo uma vista exterior convidativa, o que o torna uma escolha inteligente para uma vida eficiente e amiga do ambiente.<\/p>","protected":false},"excerpt":{"rendered":"<p>Prote\u00e7\u00e3o contra o brilho e o calor do sol.<\/p>","protected":false},"featured_media":1088,"template":"","meta":{"_seopress_robots_primary_cat":"","_seopress_titles_title":"","_seopress_titles_desc":"","_seopress_robots_index":""},"product_cat":[34],"product_tag":[],"class_list":{"0":"post-1085","1":"product","2":"type-product","3":"status-publish","4":"has-post-thumbnail","6":"product_cat-shade-screen","8":"first","9":"instock","10":"shipping-taxable","11":"product-type-simple"},"_links":{"self":[{"href":"https:\/\/aoltextiles.com\/pt\/wp-json\/wp\/v2\/product\/1085","targetHints":{"allow":["GET"]}}],"collection":[{"href":"https:\/\/aoltextiles.com\/pt\/wp-json\/wp\/v2\/product"}],"about":[{"href":"https:\/\/aoltextiles.com\/pt\/wp-json\/wp\/v2\/types\/product"}],"version-history":[{"count":1,"href":"https:\/\/aoltextiles.com\/pt\/wp-json\/wp\/v2\/product\/1085\/revisions"}],"predecessor-version":[{"id":1092,"href":"https:\/\/aoltextiles.com\/pt\/wp-json\/wp\/v2\/product\/1085\/revisions\/1092"}],"wp:featuredmedia":[{"embeddable":true,"href":"https:\/\/aoltextiles.com\/pt\/wp-json\/wp\/v2\/media\/1088"}],"wp:attachment":[{"href":"https:\/\/aoltextiles.com\/pt\/wp-json\/wp\/v2\/media?parent=1085"}],"wp:term":[{"taxonomy":"product_cat","embeddable":true,"href":"https:\/\/aoltextiles.com\/pt\/wp-json\/wp\/v2\/product_cat?post=1085"},{"taxonomy":"product_tag","embeddable":true,"href":"https:\/\/aoltextiles.com\/pt\/wp-json\/wp\/v2\/product_tag?post=1085"}],"curies":[{"name":"wp","href":"https:\/\/api.w.org\/{rel}","templated":true}]}}