{"id":1362,"date":"2024-04-10T20:55:57","date_gmt":"2024-04-10T12:55:57","guid":{"rendered":"http:\/\/aoltextiles.com\/?post_type=product&#038;p=1362"},"modified":"2024-04-10T20:55:58","modified_gmt":"2024-04-10T12:55:58","slug":"multi-color-pvc-coated-mesh","status":"publish","type":"product","link":"https:\/\/aoltextiles.com\/pt\/product\/multi-color-pvc-coated-mesh\/","title":{"rendered":"Malha revestida a PVC multicolorida"},"content":{"rendered":"<p>D\u00ea uma explos\u00e3o de cor \u00e0 sua \u00e1rea exterior com a nossa malha revestida a PVC multicolor. Este material vibrante e duradouro \u00e9 perfeito para criar mobili\u00e1rio apelativo ou pormenores que resistem ao sol, \u00e0 chuva e ao desgaste, oferecendo uma forma \u00fanica de personalizar os espa\u00e7os exteriores com estilo e funcionalidade.<\/p>","protected":false},"excerpt":{"rendered":"<p>D\u00ea cor e vida aos espa\u00e7os exteriores.<\/p>","protected":false},"featured_media":1334,"template":"","meta":{"_seopress_robots_primary_cat":"","_seopress_titles_title":"","_seopress_titles_desc":"","_seopress_robots_index":""},"product_cat":[21],"product_tag":[],"class_list":{"0":"post-1362","1":"product","2":"type-product","3":"status-publish","4":"has-post-thumbnail","6":"product_cat-pvc-woven-mesh","8":"first","9":"instock","10":"shipping-taxable","11":"product-type-simple"},"_links":{"self":[{"href":"https:\/\/aoltextiles.com\/pt\/wp-json\/wp\/v2\/product\/1362","targetHints":{"allow":["GET"]}}],"collection":[{"href":"https:\/\/aoltextiles.com\/pt\/wp-json\/wp\/v2\/product"}],"about":[{"href":"https:\/\/aoltextiles.com\/pt\/wp-json\/wp\/v2\/types\/product"}],"version-history":[{"count":1,"href":"https:\/\/aoltextiles.com\/pt\/wp-json\/wp\/v2\/product\/1362\/revisions"}],"predecessor-version":[{"id":1365,"href":"https:\/\/aoltextiles.com\/pt\/wp-json\/wp\/v2\/product\/1362\/revisions\/1365"}],"wp:featuredmedia":[{"embeddable":true,"href":"https:\/\/aoltextiles.com\/pt\/wp-json\/wp\/v2\/media\/1334"}],"wp:attachment":[{"href":"https:\/\/aoltextiles.com\/pt\/wp-json\/wp\/v2\/media?parent=1362"}],"wp:term":[{"taxonomy":"product_cat","embeddable":true,"href":"https:\/\/aoltextiles.com\/pt\/wp-json\/wp\/v2\/product_cat?post=1362"},{"taxonomy":"product_tag","embeddable":true,"href":"https:\/\/aoltextiles.com\/pt\/wp-json\/wp\/v2\/product_tag?post=1362"}],"curies":[{"name":"wp","href":"https:\/\/api.w.org\/{rel}","templated":true}]}}