{"id":1374,"date":"2024-04-10T21:01:12","date_gmt":"2024-04-10T13:01:12","guid":{"rendered":"http:\/\/aoltextiles.com\/?post_type=product&#038;p=1374"},"modified":"2024-04-10T21:01:26","modified_gmt":"2024-04-10T13:01:26","slug":"pvc-mesh-multi-color","status":"publish","type":"product","link":"https:\/\/aoltextiles.com\/pt\/product\/pvc-mesh-multi-color\/","title":{"rendered":"Malha de PVC Multi Cor"},"content":{"rendered":"<p>O nosso tecido PVC Mesh Multi Color oferece versatilidade e vibra\u00e7\u00e3o para qualquer projeto de design de exterior. Resistente \u00e0s intemp\u00e9ries e de f\u00e1cil manuten\u00e7\u00e3o, \u00e9 perfeito para adicionar um toque de cor ao mobili\u00e1rio de exterior, \u00e1reas de lazer ou elementos decorativos, garantindo um impacto duradouro e brilhante em qualquer ambiente.<\/p>","protected":false},"excerpt":{"rendered":"<p>Vibrante e vers\u00e1til para qualquer aplica\u00e7\u00e3o<\/p>","protected":false},"featured_media":1229,"template":"","meta":{"_seopress_robots_primary_cat":"none","_seopress_titles_title":"","_seopress_titles_desc":"","_seopress_robots_index":""},"product_cat":[21],"product_tag":[],"class_list":{"0":"post-1374","1":"product","2":"type-product","3":"status-publish","4":"has-post-thumbnail","6":"product_cat-pvc-woven-mesh","8":"first","9":"instock","10":"shipping-taxable","11":"product-type-simple"},"_links":{"self":[{"href":"https:\/\/aoltextiles.com\/pt\/wp-json\/wp\/v2\/product\/1374","targetHints":{"allow":["GET"]}}],"collection":[{"href":"https:\/\/aoltextiles.com\/pt\/wp-json\/wp\/v2\/product"}],"about":[{"href":"https:\/\/aoltextiles.com\/pt\/wp-json\/wp\/v2\/types\/product"}],"version-history":[{"count":2,"href":"https:\/\/aoltextiles.com\/pt\/wp-json\/wp\/v2\/product\/1374\/revisions"}],"predecessor-version":[{"id":1379,"href":"https:\/\/aoltextiles.com\/pt\/wp-json\/wp\/v2\/product\/1374\/revisions\/1379"}],"wp:featuredmedia":[{"embeddable":true,"href":"https:\/\/aoltextiles.com\/pt\/wp-json\/wp\/v2\/media\/1229"}],"wp:attachment":[{"href":"https:\/\/aoltextiles.com\/pt\/wp-json\/wp\/v2\/media?parent=1374"}],"wp:term":[{"taxonomy":"product_cat","embeddable":true,"href":"https:\/\/aoltextiles.com\/pt\/wp-json\/wp\/v2\/product_cat?post=1374"},{"taxonomy":"product_tag","embeddable":true,"href":"https:\/\/aoltextiles.com\/pt\/wp-json\/wp\/v2\/product_tag?post=1374"}],"curies":[{"name":"wp","href":"https:\/\/api.w.org\/{rel}","templated":true}]}}