{"id":1389,"date":"2024-04-10T21:06:11","date_gmt":"2024-04-10T13:06:11","guid":{"rendered":"http:\/\/aoltextiles.com\/?post_type=product&#038;p=1389"},"modified":"2024-04-10T21:06:11","modified_gmt":"2024-04-10T13:06:11","slug":"pvc-coated-mesh-fabric-for-truck-trap","status":"publish","type":"product","link":"https:\/\/aoltextiles.com\/pt\/product\/pvc-coated-mesh-fabric-for-truck-trap\/","title":{"rendered":"Tecido de malha revestido de PVC para armadilha de caminh\u00e3o"},"content":{"rendered":"<p>Este tecido de malha revestido a PVC foi concebido para armadilhas de cami\u00f5es, oferecendo uma mistura de dureza, flexibilidade e resist\u00eancia \u00e0s intemp\u00e9ries. Foi concebido para suportar os rigores do transporte, garantindo a seguran\u00e7a e a integridade da carga.<\/p>","protected":false},"excerpt":{"rendered":"<p>Concebidos para serem resistentes e fi\u00e1veis, s\u00e3o essenciais para a fixa\u00e7\u00e3o de cargas de cami\u00f5es.<\/p>","protected":false},"featured_media":1193,"template":"","meta":{"_seopress_robots_primary_cat":"","_seopress_titles_title":"","_seopress_titles_desc":"","_seopress_robots_index":""},"product_cat":[35],"product_tag":[],"class_list":{"0":"post-1389","1":"product","2":"type-product","3":"status-publish","4":"has-post-thumbnail","6":"product_cat-truck-cover-mesh","8":"first","9":"instock","10":"shipping-taxable","11":"product-type-simple"},"_links":{"self":[{"href":"https:\/\/aoltextiles.com\/pt\/wp-json\/wp\/v2\/product\/1389","targetHints":{"allow":["GET"]}}],"collection":[{"href":"https:\/\/aoltextiles.com\/pt\/wp-json\/wp\/v2\/product"}],"about":[{"href":"https:\/\/aoltextiles.com\/pt\/wp-json\/wp\/v2\/types\/product"}],"version-history":[{"count":1,"href":"https:\/\/aoltextiles.com\/pt\/wp-json\/wp\/v2\/product\/1389\/revisions"}],"predecessor-version":[{"id":1392,"href":"https:\/\/aoltextiles.com\/pt\/wp-json\/wp\/v2\/product\/1389\/revisions\/1392"}],"wp:featuredmedia":[{"embeddable":true,"href":"https:\/\/aoltextiles.com\/pt\/wp-json\/wp\/v2\/media\/1193"}],"wp:attachment":[{"href":"https:\/\/aoltextiles.com\/pt\/wp-json\/wp\/v2\/media?parent=1389"}],"wp:term":[{"taxonomy":"product_cat","embeddable":true,"href":"https:\/\/aoltextiles.com\/pt\/wp-json\/wp\/v2\/product_cat?post=1389"},{"taxonomy":"product_tag","embeddable":true,"href":"https:\/\/aoltextiles.com\/pt\/wp-json\/wp\/v2\/product_tag?post=1389"}],"curies":[{"name":"wp","href":"https:\/\/api.w.org\/{rel}","templated":true}]}}