{"id":1406,"date":"2024-04-10T21:16:20","date_gmt":"2024-04-10T13:16:20","guid":{"rendered":"http:\/\/aoltextiles.com\/?post_type=product&#038;p=1406"},"modified":"2024-04-10T21:16:20","modified_gmt":"2024-04-10T13:16:20","slug":"vinyl-coated-pet-mesh-batyline-mesh","status":"publish","type":"product","link":"https:\/\/aoltextiles.com\/pt\/product\/vinyl-coated-pet-mesh-batyline-mesh\/","title":{"rendered":"Malha PET revestida a vinil Malha Batyline"},"content":{"rendered":"<p>A malha PET revestida a vinil Batyline Mesh foi concebida para uma est\u00e9tica moderna e durabilidade, oferecendo um aspeto contempor\u00e2neo com uma resist\u00eancia excecional. \u00c9 perfeita para utiliza\u00e7\u00e3o no exterior, proporcionando uma resist\u00eancia superior ao desgaste e aos danos causados pelos raios UV.<\/p>","protected":false},"excerpt":{"rendered":"<p>Elegante e resistente, para aplica\u00e7\u00f5es modernas no exterior.<\/p>","protected":false},"featured_media":1237,"template":"","meta":{"_seopress_robots_primary_cat":"","_seopress_titles_title":"","_seopress_titles_desc":"","_seopress_robots_index":""},"product_cat":[23],"product_tag":[],"class_list":{"0":"post-1406","1":"product","2":"type-product","3":"status-publish","4":"has-post-thumbnail","6":"product_cat-inyl-coated-woven-polyester-mesh","8":"first","9":"instock","10":"shipping-taxable","11":"product-type-simple"},"_links":{"self":[{"href":"https:\/\/aoltextiles.com\/pt\/wp-json\/wp\/v2\/product\/1406","targetHints":{"allow":["GET"]}}],"collection":[{"href":"https:\/\/aoltextiles.com\/pt\/wp-json\/wp\/v2\/product"}],"about":[{"href":"https:\/\/aoltextiles.com\/pt\/wp-json\/wp\/v2\/types\/product"}],"version-history":[{"count":1,"href":"https:\/\/aoltextiles.com\/pt\/wp-json\/wp\/v2\/product\/1406\/revisions"}],"predecessor-version":[{"id":1409,"href":"https:\/\/aoltextiles.com\/pt\/wp-json\/wp\/v2\/product\/1406\/revisions\/1409"}],"wp:featuredmedia":[{"embeddable":true,"href":"https:\/\/aoltextiles.com\/pt\/wp-json\/wp\/v2\/media\/1237"}],"wp:attachment":[{"href":"https:\/\/aoltextiles.com\/pt\/wp-json\/wp\/v2\/media?parent=1406"}],"wp:term":[{"taxonomy":"product_cat","embeddable":true,"href":"https:\/\/aoltextiles.com\/pt\/wp-json\/wp\/v2\/product_cat?post=1406"},{"taxonomy":"product_tag","embeddable":true,"href":"https:\/\/aoltextiles.com\/pt\/wp-json\/wp\/v2\/product_tag?post=1406"}],"curies":[{"name":"wp","href":"https:\/\/api.w.org\/{rel}","templated":true}]}}