{"id":1410,"date":"2024-04-10T21:17:36","date_gmt":"2024-04-10T13:17:36","guid":{"rendered":"http:\/\/aoltextiles.com\/?post_type=product&#038;p=1410"},"modified":"2024-04-10T21:17:36","modified_gmt":"2024-04-10T13:17:36","slug":"vinyl-woven-mesh-fabric","status":"publish","type":"product","link":"https:\/\/aoltextiles.com\/pt\/product\/vinyl-woven-mesh-fabric\/","title":{"rendered":"Tecido de malha de vinil"},"content":{"rendered":"<p>A tela de malha tecida em vinil \u00e9 o ep\u00edtome do luxo e da durabilidade para espa\u00e7os exteriores.<\/p>\n<p>A sua estrutura de tecido apertado garante que pode resistir aos elementos, tornando-o adequado para mobili\u00e1rio de exterior de luxo, sombras e elementos decorativos.<\/p>","protected":false},"excerpt":{"rendered":"<p>A escolha para uma decora\u00e7\u00e3o e funcionalidade de topo de gama no exterior.<\/p>","protected":false},"featured_media":1265,"template":"","meta":{"_seopress_robots_primary_cat":"","_seopress_titles_title":"","_seopress_titles_desc":"","_seopress_robots_index":""},"product_cat":[23],"product_tag":[],"class_list":{"0":"post-1410","1":"product","2":"type-product","3":"status-publish","4":"has-post-thumbnail","6":"product_cat-inyl-coated-woven-polyester-mesh","8":"first","9":"instock","10":"shipping-taxable","11":"product-type-simple"},"_links":{"self":[{"href":"https:\/\/aoltextiles.com\/pt\/wp-json\/wp\/v2\/product\/1410","targetHints":{"allow":["GET"]}}],"collection":[{"href":"https:\/\/aoltextiles.com\/pt\/wp-json\/wp\/v2\/product"}],"about":[{"href":"https:\/\/aoltextiles.com\/pt\/wp-json\/wp\/v2\/types\/product"}],"version-history":[{"count":1,"href":"https:\/\/aoltextiles.com\/pt\/wp-json\/wp\/v2\/product\/1410\/revisions"}],"predecessor-version":[{"id":1413,"href":"https:\/\/aoltextiles.com\/pt\/wp-json\/wp\/v2\/product\/1410\/revisions\/1413"}],"wp:featuredmedia":[{"embeddable":true,"href":"https:\/\/aoltextiles.com\/pt\/wp-json\/wp\/v2\/media\/1265"}],"wp:attachment":[{"href":"https:\/\/aoltextiles.com\/pt\/wp-json\/wp\/v2\/media?parent=1410"}],"wp:term":[{"taxonomy":"product_cat","embeddable":true,"href":"https:\/\/aoltextiles.com\/pt\/wp-json\/wp\/v2\/product_cat?post=1410"},{"taxonomy":"product_tag","embeddable":true,"href":"https:\/\/aoltextiles.com\/pt\/wp-json\/wp\/v2\/product_tag?post=1410"}],"curies":[{"name":"wp","href":"https:\/\/api.w.org\/{rel}","templated":true}]}}