{"id":787,"date":"2024-04-08T20:18:40","date_gmt":"2024-04-08T12:18:40","guid":{"rendered":"http:\/\/aoltextiles.com\/?post_type=product&#038;p=787"},"modified":"2024-04-08T20:18:40","modified_gmt":"2024-04-08T12:18:40","slug":"textilene-industrial-mesh","status":"publish","type":"product","link":"https:\/\/aoltextiles.com\/pt\/product\/textilene-industrial-mesh\/","title":{"rendered":"Malha industrial Textilene"},"content":{"rendered":"<h3>Esta malha industrial Textilene combina uma resist\u00eancia \u00e0 tra\u00e7\u00e3o sem paralelo com uma resist\u00eancia aos raios UV e aos produtos qu\u00edmicos, tornando-a indispens\u00e1vel para aplica\u00e7\u00f5es de seguran\u00e7a industrial, agr\u00edcolas e mar\u00edtimas em que a fiabilidade sob tens\u00e3o \u00e9 crucial.<\/h3>","protected":false},"excerpt":{"rendered":"<h3>Malha industrial Textilene<\/h3>\n<h3>Concebidos para serem resistentes; um elemento b\u00e1sico em aplica\u00e7\u00f5es industriais.<\/h3>","protected":false},"featured_media":772,"template":"","meta":{"_seopress_robots_primary_cat":"","_seopress_titles_title":"","_seopress_titles_desc":"","_seopress_robots_index":""},"product_cat":[32],"product_tag":[],"class_list":{"0":"post-787","1":"product","2":"type-product","3":"status-publish","4":"has-post-thumbnail","6":"product_cat-textilene-fabric","8":"first","9":"instock","10":"shipping-taxable","11":"product-type-simple"},"_links":{"self":[{"href":"https:\/\/aoltextiles.com\/pt\/wp-json\/wp\/v2\/product\/787","targetHints":{"allow":["GET"]}}],"collection":[{"href":"https:\/\/aoltextiles.com\/pt\/wp-json\/wp\/v2\/product"}],"about":[{"href":"https:\/\/aoltextiles.com\/pt\/wp-json\/wp\/v2\/types\/product"}],"version-history":[{"count":2,"href":"https:\/\/aoltextiles.com\/pt\/wp-json\/wp\/v2\/product\/787\/revisions"}],"predecessor-version":[{"id":791,"href":"https:\/\/aoltextiles.com\/pt\/wp-json\/wp\/v2\/product\/787\/revisions\/791"}],"wp:featuredmedia":[{"embeddable":true,"href":"https:\/\/aoltextiles.com\/pt\/wp-json\/wp\/v2\/media\/772"}],"wp:attachment":[{"href":"https:\/\/aoltextiles.com\/pt\/wp-json\/wp\/v2\/media?parent=787"}],"wp:term":[{"taxonomy":"product_cat","embeddable":true,"href":"https:\/\/aoltextiles.com\/pt\/wp-json\/wp\/v2\/product_cat?post=787"},{"taxonomy":"product_tag","embeddable":true,"href":"https:\/\/aoltextiles.com\/pt\/wp-json\/wp\/v2\/product_tag?post=787"}],"curies":[{"name":"wp","href":"https:\/\/api.w.org\/{rel}","templated":true}]}}