{"id":792,"date":"2024-04-08T20:22:38","date_gmt":"2024-04-08T12:22:38","guid":{"rendered":"http:\/\/aoltextiles.com\/?post_type=product&#038;p=792"},"modified":"2024-04-08T20:24:00","modified_gmt":"2024-04-08T12:24:00","slug":"textilene-shade-mesh-fabric","status":"publish","type":"product","link":"https:\/\/aoltextiles.com\/pt\/product\/textilene-shade-mesh-fabric\/","title":{"rendered":"Tecido de malha para sombra Textilene"},"content":{"rendered":"<h3>Concebido para proteger e refrescar, o nosso tecido de malha de sombra Textilene oferece uma prote\u00e7\u00e3o UV superior, mantendo o fluxo de ar.<\/h3>\n<h3>\u00c9 perfeito para criar \u00e1reas serenas e sombreadas que incentivam a vida ao ar livre sem o risco de danos causados pelo sol.<\/h3>","protected":false},"excerpt":{"rendered":"<h3>Tecido de malha para sombra Textilene<\/h3>\n<h3>Prote\u00e7\u00e3o UV m\u00e1xima; aumenta o conforto no exterior.<\/h3>","protected":false},"featured_media":795,"template":"","meta":{"_seopress_robots_primary_cat":"none","_seopress_titles_title":"","_seopress_titles_desc":"","_seopress_robots_index":""},"product_cat":[32],"product_tag":[],"class_list":{"0":"post-792","1":"product","2":"type-product","3":"status-publish","4":"has-post-thumbnail","6":"product_cat-textilene-fabric","8":"first","9":"instock","10":"shipping-taxable","11":"product-type-simple"},"_links":{"self":[{"href":"https:\/\/aoltextiles.com\/pt\/wp-json\/wp\/v2\/product\/792","targetHints":{"allow":["GET"]}}],"collection":[{"href":"https:\/\/aoltextiles.com\/pt\/wp-json\/wp\/v2\/product"}],"about":[{"href":"https:\/\/aoltextiles.com\/pt\/wp-json\/wp\/v2\/types\/product"}],"version-history":[{"count":1,"href":"https:\/\/aoltextiles.com\/pt\/wp-json\/wp\/v2\/product\/792\/revisions"}],"predecessor-version":[{"id":799,"href":"https:\/\/aoltextiles.com\/pt\/wp-json\/wp\/v2\/product\/792\/revisions\/799"}],"wp:featuredmedia":[{"embeddable":true,"href":"https:\/\/aoltextiles.com\/pt\/wp-json\/wp\/v2\/media\/795"}],"wp:attachment":[{"href":"https:\/\/aoltextiles.com\/pt\/wp-json\/wp\/v2\/media?parent=792"}],"wp:term":[{"taxonomy":"product_cat","embeddable":true,"href":"https:\/\/aoltextiles.com\/pt\/wp-json\/wp\/v2\/product_cat?post=792"},{"taxonomy":"product_tag","embeddable":true,"href":"https:\/\/aoltextiles.com\/pt\/wp-json\/wp\/v2\/product_tag?post=792"}],"curies":[{"name":"wp","href":"https:\/\/api.w.org\/{rel}","templated":true}]}}