{"id":826,"date":"2024-04-08T22:15:13","date_gmt":"2024-04-08T14:15:13","guid":{"rendered":"http:\/\/aoltextiles.com\/?post_type=product&#038;p=826"},"modified":"2024-04-08T22:15:13","modified_gmt":"2024-04-08T14:15:13","slug":"textilene-vinyl-mesh","status":"publish","type":"product","link":"https:\/\/aoltextiles.com\/pt\/product\/textilene-vinyl-mesh\/","title":{"rendered":"Malha de vinil Textilene"},"content":{"rendered":"<h3>A nossa rede de vinil Textilene combina o apelo est\u00e9tico com o car\u00e1cter pr\u00e1tico.<\/h3>\n<h3>\u00c9 perfeito para dar um toque moderno aos espa\u00e7os exteriores, oferecendo uma limpeza e manuten\u00e7\u00e3o f\u00e1ceis, bem como resist\u00eancia \u00e0s intemp\u00e9ries e aos raios UV para uma beleza duradoura.<\/h3>","protected":false},"excerpt":{"rendered":"<h3>Malha de vinil Textilene<\/h3>\n<h3>Aspeto elegante e moderno; extraordinariamente f\u00e1cil de manter.<\/h3>","protected":false},"featured_media":829,"template":"","meta":{"_seopress_robots_primary_cat":"","_seopress_titles_title":"","_seopress_titles_desc":"","_seopress_robots_index":""},"product_cat":[32],"product_tag":[],"class_list":{"0":"post-826","1":"product","2":"type-product","3":"status-publish","4":"has-post-thumbnail","6":"product_cat-textilene-fabric","8":"first","9":"instock","10":"shipping-taxable","11":"product-type-simple"},"_links":{"self":[{"href":"https:\/\/aoltextiles.com\/pt\/wp-json\/wp\/v2\/product\/826","targetHints":{"allow":["GET"]}}],"collection":[{"href":"https:\/\/aoltextiles.com\/pt\/wp-json\/wp\/v2\/product"}],"about":[{"href":"https:\/\/aoltextiles.com\/pt\/wp-json\/wp\/v2\/types\/product"}],"version-history":[{"count":1,"href":"https:\/\/aoltextiles.com\/pt\/wp-json\/wp\/v2\/product\/826\/revisions"}],"predecessor-version":[{"id":833,"href":"https:\/\/aoltextiles.com\/pt\/wp-json\/wp\/v2\/product\/826\/revisions\/833"}],"wp:featuredmedia":[{"embeddable":true,"href":"https:\/\/aoltextiles.com\/pt\/wp-json\/wp\/v2\/media\/829"}],"wp:attachment":[{"href":"https:\/\/aoltextiles.com\/pt\/wp-json\/wp\/v2\/media?parent=826"}],"wp:term":[{"taxonomy":"product_cat","embeddable":true,"href":"https:\/\/aoltextiles.com\/pt\/wp-json\/wp\/v2\/product_cat?post=826"},{"taxonomy":"product_tag","embeddable":true,"href":"https:\/\/aoltextiles.com\/pt\/wp-json\/wp\/v2\/product_tag?post=826"}],"curies":[{"name":"wp","href":"https:\/\/api.w.org\/{rel}","templated":true}]}}