{"id":834,"date":"2024-04-08T22:18:45","date_gmt":"2024-04-08T14:18:45","guid":{"rendered":"http:\/\/aoltextiles.com\/?post_type=product&#038;p=834"},"modified":"2024-04-08T22:18:45","modified_gmt":"2024-04-08T14:18:45","slug":"multi-color-textylene-mesh","status":"publish","type":"product","link":"https:\/\/aoltextiles.com\/pt\/product\/multi-color-textylene-mesh\/","title":{"rendered":"Malha de textileno multicolorida"},"content":{"rendered":"<h3>D\u00ea vida aos seus espa\u00e7os exteriores com a nossa Malha de Textileno Multi Color.<\/h3>\n<h3>As suas tonalidades vibrantes s\u00e3o resistentes ao desbotamento, assegurando que os seus projectos permanecem vivos e convidativos, enquanto a sua resist\u00eancia garante a longevidade em aplica\u00e7\u00f5es no exterior.<\/h3>","protected":false},"excerpt":{"rendered":"<h3>Malha de textileno multicolorida<\/h3>\n<h3>Brilhante e arrojado; injeta vibra\u00e7\u00e3o em qualquer projeto.<\/h3>","protected":false},"featured_media":837,"template":"","meta":{"_seopress_robots_primary_cat":"","_seopress_titles_title":"","_seopress_titles_desc":"","_seopress_robots_index":""},"product_cat":[32],"product_tag":[],"class_list":{"0":"post-834","1":"product","2":"type-product","3":"status-publish","4":"has-post-thumbnail","6":"product_cat-textilene-fabric","8":"first","9":"instock","10":"shipping-taxable","11":"product-type-simple"},"_links":{"self":[{"href":"https:\/\/aoltextiles.com\/pt\/wp-json\/wp\/v2\/product\/834","targetHints":{"allow":["GET"]}}],"collection":[{"href":"https:\/\/aoltextiles.com\/pt\/wp-json\/wp\/v2\/product"}],"about":[{"href":"https:\/\/aoltextiles.com\/pt\/wp-json\/wp\/v2\/types\/product"}],"version-history":[{"count":1,"href":"https:\/\/aoltextiles.com\/pt\/wp-json\/wp\/v2\/product\/834\/revisions"}],"predecessor-version":[{"id":841,"href":"https:\/\/aoltextiles.com\/pt\/wp-json\/wp\/v2\/product\/834\/revisions\/841"}],"wp:featuredmedia":[{"embeddable":true,"href":"https:\/\/aoltextiles.com\/pt\/wp-json\/wp\/v2\/media\/837"}],"wp:attachment":[{"href":"https:\/\/aoltextiles.com\/pt\/wp-json\/wp\/v2\/media?parent=834"}],"wp:term":[{"taxonomy":"product_cat","embeddable":true,"href":"https:\/\/aoltextiles.com\/pt\/wp-json\/wp\/v2\/product_cat?post=834"},{"taxonomy":"product_tag","embeddable":true,"href":"https:\/\/aoltextiles.com\/pt\/wp-json\/wp\/v2\/product_tag?post=834"}],"curies":[{"name":"wp","href":"https:\/\/api.w.org\/{rel}","templated":true}]}}