{"id":850,"date":"2024-04-08T22:27:57","date_gmt":"2024-04-08T14:27:57","guid":{"rendered":"http:\/\/aoltextiles.com\/?post_type=product&#038;p=850"},"modified":"2024-04-08T22:27:57","modified_gmt":"2024-04-08T14:27:57","slug":"black-mesh-tarp-roll-fabric","status":"publish","type":"product","link":"https:\/\/aoltextiles.com\/pt\/product\/black-mesh-tarp-roll-fabric\/","title":{"rendered":"Tecido para rolo de lona de malha preta"},"content":{"rendered":"<h3>O nosso tecido em rolo de lona de malha preta \u00e9 uma solu\u00e7\u00e3o multifuncional que oferece privacidade e prote\u00e7\u00e3o contra o sol.<\/h3>\n<h3>A sua versatilidade torna-o adequado para jardins, p\u00e1tios, veda\u00e7\u00f5es e at\u00e9 mesmo coberturas de cami\u00f5es, combinando funcionalidade com apelo est\u00e9tico.<\/h3>","protected":false},"excerpt":{"rendered":"<h3>Tecido para rolo de lona de malha preta<\/h3>\n<h3>Proporciona sombra e privacidade; vers\u00e1til para m\u00faltiplas utiliza\u00e7\u00f5es.<\/h3>","protected":false},"featured_media":854,"template":"","meta":{"_seopress_robots_primary_cat":"","_seopress_titles_title":"","_seopress_titles_desc":"","_seopress_robots_index":""},"product_cat":[32],"product_tag":[],"class_list":{"0":"post-850","1":"product","2":"type-product","3":"status-publish","4":"has-post-thumbnail","6":"product_cat-textilene-fabric","8":"first","9":"instock","10":"shipping-taxable","11":"product-type-simple"},"_links":{"self":[{"href":"https:\/\/aoltextiles.com\/pt\/wp-json\/wp\/v2\/product\/850","targetHints":{"allow":["GET"]}}],"collection":[{"href":"https:\/\/aoltextiles.com\/pt\/wp-json\/wp\/v2\/product"}],"about":[{"href":"https:\/\/aoltextiles.com\/pt\/wp-json\/wp\/v2\/types\/product"}],"version-history":[{"count":1,"href":"https:\/\/aoltextiles.com\/pt\/wp-json\/wp\/v2\/product\/850\/revisions"}],"predecessor-version":[{"id":858,"href":"https:\/\/aoltextiles.com\/pt\/wp-json\/wp\/v2\/product\/850\/revisions\/858"}],"wp:featuredmedia":[{"embeddable":true,"href":"https:\/\/aoltextiles.com\/pt\/wp-json\/wp\/v2\/media\/854"}],"wp:attachment":[{"href":"https:\/\/aoltextiles.com\/pt\/wp-json\/wp\/v2\/media?parent=850"}],"wp:term":[{"taxonomy":"product_cat","embeddable":true,"href":"https:\/\/aoltextiles.com\/pt\/wp-json\/wp\/v2\/product_cat?post=850"},{"taxonomy":"product_tag","embeddable":true,"href":"https:\/\/aoltextiles.com\/pt\/wp-json\/wp\/v2\/product_tag?post=850"}],"curies":[{"name":"wp","href":"https:\/\/api.w.org\/{rel}","templated":true}]}}