{"id":957,"date":"2024-04-09T20:34:44","date_gmt":"2024-04-09T12:34:44","guid":{"rendered":"http:\/\/aoltextiles.com\/?post_type=product&#038;p=957"},"modified":"2024-04-09T20:34:44","modified_gmt":"2024-04-09T12:34:44","slug":"plus-outdoor-sling-fabric","status":"publish","type":"product","link":"https:\/\/aoltextiles.com\/pt\/product\/plus-outdoor-sling-fabric\/","title":{"rendered":"Tecido para fundas de exterior Plus"},"content":{"rendered":"<p>A tela Plus Outdoor Sling destaca-se pela sua extraordin\u00e1ria durabilidade e conforto.<\/p>\n<p>A mistura \u00fanica deste material torna-o perfeito para cadeiras de funda e espregui\u00e7adeiras, oferecendo um toque agrad\u00e1vel \u00e0 pele, capacidades de secagem r\u00e1pida e resist\u00eancia \u00e0s intemp\u00e9ries, aos raios UV e ao desgaste.<\/p>","protected":false},"excerpt":{"rendered":"<p>Concebida para o conforto; resiste aos extremos.<\/p>","protected":false},"featured_media":960,"template":"","meta":{"_seopress_robots_primary_cat":"","_seopress_titles_title":"","_seopress_titles_desc":"","_seopress_robots_index":""},"product_cat":[33],"product_tag":[],"class_list":{"0":"post-957","1":"product","2":"type-product","3":"status-publish","4":"has-post-thumbnail","6":"product_cat-outdoor-furniture-fabric","8":"first","9":"instock","10":"shipping-taxable","11":"product-type-simple"},"_links":{"self":[{"href":"https:\/\/aoltextiles.com\/pt\/wp-json\/wp\/v2\/product\/957","targetHints":{"allow":["GET"]}}],"collection":[{"href":"https:\/\/aoltextiles.com\/pt\/wp-json\/wp\/v2\/product"}],"about":[{"href":"https:\/\/aoltextiles.com\/pt\/wp-json\/wp\/v2\/types\/product"}],"version-history":[{"count":1,"href":"https:\/\/aoltextiles.com\/pt\/wp-json\/wp\/v2\/product\/957\/revisions"}],"predecessor-version":[{"id":964,"href":"https:\/\/aoltextiles.com\/pt\/wp-json\/wp\/v2\/product\/957\/revisions\/964"}],"wp:featuredmedia":[{"embeddable":true,"href":"https:\/\/aoltextiles.com\/pt\/wp-json\/wp\/v2\/media\/960"}],"wp:attachment":[{"href":"https:\/\/aoltextiles.com\/pt\/wp-json\/wp\/v2\/media?parent=957"}],"wp:term":[{"taxonomy":"product_cat","embeddable":true,"href":"https:\/\/aoltextiles.com\/pt\/wp-json\/wp\/v2\/product_cat?post=957"},{"taxonomy":"product_tag","embeddable":true,"href":"https:\/\/aoltextiles.com\/pt\/wp-json\/wp\/v2\/product_tag?post=957"}],"curies":[{"name":"wp","href":"https:\/\/api.w.org\/{rel}","templated":true}]}}