{"id":973,"date":"2024-04-09T20:40:22","date_gmt":"2024-04-09T12:40:22","guid":{"rendered":"http:\/\/aoltextiles.com\/?post_type=product&#038;p=973"},"modified":"2024-04-09T20:40:22","modified_gmt":"2024-04-09T12:40:22","slug":"uv-sunshade-fabric","status":"publish","type":"product","link":"https:\/\/aoltextiles.com\/pt\/product\/uv-sunshade-fabric\/","title":{"rendered":"Tecido para guarda-sol UV"},"content":{"rendered":"<p>O nosso tecido para guarda-s\u00f3is UV oferece uma prote\u00e7\u00e3o inigual\u00e1vel contra os raios solares nocivos, ao mesmo tempo que melhora a est\u00e9tica exterior.<\/p>\n<p>\u00c9 perfeito para toldos, coberturas e guarda-chuvas, proporcionando uma \u00e1rea fresca e sombreada sem sacrificar a luz natural ou a vibra\u00e7\u00e3o da cor.<\/p>","protected":false},"excerpt":{"rendered":"<p>Proteja-se com estilo; prote\u00e7\u00e3o UV superior.<\/p>","protected":false},"featured_media":976,"template":"","meta":{"_seopress_robots_primary_cat":"","_seopress_titles_title":"","_seopress_titles_desc":"","_seopress_robots_index":""},"product_cat":[33],"product_tag":[],"class_list":{"0":"post-973","1":"product","2":"type-product","3":"status-publish","4":"has-post-thumbnail","6":"product_cat-outdoor-furniture-fabric","8":"first","9":"instock","10":"shipping-taxable","11":"product-type-simple"},"_links":{"self":[{"href":"https:\/\/aoltextiles.com\/pt\/wp-json\/wp\/v2\/product\/973","targetHints":{"allow":["GET"]}}],"collection":[{"href":"https:\/\/aoltextiles.com\/pt\/wp-json\/wp\/v2\/product"}],"about":[{"href":"https:\/\/aoltextiles.com\/pt\/wp-json\/wp\/v2\/types\/product"}],"version-history":[{"count":1,"href":"https:\/\/aoltextiles.com\/pt\/wp-json\/wp\/v2\/product\/973\/revisions"}],"predecessor-version":[{"id":980,"href":"https:\/\/aoltextiles.com\/pt\/wp-json\/wp\/v2\/product\/973\/revisions\/980"}],"wp:featuredmedia":[{"embeddable":true,"href":"https:\/\/aoltextiles.com\/pt\/wp-json\/wp\/v2\/media\/976"}],"wp:attachment":[{"href":"https:\/\/aoltextiles.com\/pt\/wp-json\/wp\/v2\/media?parent=973"}],"wp:term":[{"taxonomy":"product_cat","embeddable":true,"href":"https:\/\/aoltextiles.com\/pt\/wp-json\/wp\/v2\/product_cat?post=973"},{"taxonomy":"product_tag","embeddable":true,"href":"https:\/\/aoltextiles.com\/pt\/wp-json\/wp\/v2\/product_tag?post=973"}],"curies":[{"name":"wp","href":"https:\/\/api.w.org\/{rel}","templated":true}]}}